{"id":1239,"date":"2017-05-22T12:42:11","date_gmt":"2017-05-22T10:42:11","guid":{"rendered":"https:\/\/www.mohr-koehler.de\/history\/"},"modified":"2024-06-16T14:44:11","modified_gmt":"2024-06-16T12:44:11","slug":"history","status":"publish","type":"page","link":"https:\/\/www.mohr-koehler.de\/en\/company\/history\/","title":{"rendered":"History"},"content":{"rendered":"<div class=\"center\" style=\"width: 89%;\">\n<figure id=\"attachment_197\" aria-describedby=\"caption-attachment-197\" style=\"width: 246px\" class=\"wp-caption alignleft\"><img loading=\"lazy\" decoding=\"async\" class=\"wp-image-197 size-medium\" title=\"Hermann Becker\" src=\"https:\/\/www.mohr-koehler.de\/wp-content\/uploads\/Hermann_Becker-246x300.jpg\" alt=\"Hermann_Becker\" width=\"246\" height=\"300\" srcset=\"https:\/\/www.mohr-koehler.de\/wp-content\/uploads\/Hermann_Becker-246x300.jpg 246w, https:\/\/www.mohr-koehler.de\/wp-content\/uploads\/Hermann_Becker-768x937.jpg 768w, https:\/\/www.mohr-koehler.de\/wp-content\/uploads\/Hermann_Becker-840x1024.jpg 840w, https:\/\/www.mohr-koehler.de\/wp-content\/uploads\/Hermann_Becker.jpg 1148w\" sizes=\"auto, (max-width: 246px) 100vw, 246px\" \/><figcaption id=\"caption-attachment-197\" class=\"wp-caption-text\">Hermann Becker<\/figcaption><\/figure>\n<figure id=\"attachment_198\" aria-describedby=\"caption-attachment-198\" style=\"width: 248px\" class=\"wp-caption alignleft\"><img loading=\"lazy\" decoding=\"async\" class=\"wp-image-198 size-medium\" title=\"Heinrich K\u00f6hler\" src=\"https:\/\/www.mohr-koehler.de\/wp-content\/uploads\/Heinrich_Koehler-248x300.jpg\" alt=\"Heinrich_Koehler\" width=\"248\" height=\"300\" srcset=\"https:\/\/www.mohr-koehler.de\/wp-content\/uploads\/Heinrich_Koehler-248x300.jpg 248w, https:\/\/www.mohr-koehler.de\/wp-content\/uploads\/Heinrich_Koehler-768x931.jpg 768w, https:\/\/www.mohr-koehler.de\/wp-content\/uploads\/Heinrich_Koehler-845x1024.jpg 845w, https:\/\/www.mohr-koehler.de\/wp-content\/uploads\/Heinrich_Koehler.jpg 1155w\" sizes=\"auto, (max-width: 248px) 100vw, 248px\" \/><figcaption id=\"caption-attachment-198\" class=\"wp-caption-text\">Heinrich K\u00f6hler<\/figcaption><\/figure>\n<figure id=\"attachment_199\" aria-describedby=\"caption-attachment-199\" style=\"width: 248px\" class=\"wp-caption alignleft\"><img loading=\"lazy\" decoding=\"async\" class=\"wp-image-199 size-medium\" title=\"Johann Ferdinand Mohr\" src=\"https:\/\/www.mohr-koehler.de\/wp-content\/uploads\/Ferdinand_Johann_Mohr-248x300.jpg\" alt=\"Johann Ferdinand Mohr\" width=\"248\" height=\"300\" srcset=\"https:\/\/www.mohr-koehler.de\/wp-content\/uploads\/Ferdinand_Johann_Mohr-248x300.jpg 248w, https:\/\/www.mohr-koehler.de\/wp-content\/uploads\/Ferdinand_Johann_Mohr-768x928.jpg 768w, https:\/\/www.mohr-koehler.de\/wp-content\/uploads\/Ferdinand_Johann_Mohr-848x1024.jpg 848w, https:\/\/www.mohr-koehler.de\/wp-content\/uploads\/Ferdinand_Johann_Mohr.jpg 1159w\" sizes=\"auto, (max-width: 248px) 100vw, 248px\" \/><figcaption id=\"caption-attachment-199\" class=\"wp-caption-text\">Johann Ferdinand Mohr<\/figcaption><\/figure>\n<\/div>\n<div class=\"clear\"><\/div>\n<table class=\"timeline\">\n<tbody>\n<tr>\n<td>1908<\/td>\n<td>Founding of the Becker, K\u00f6hler &amp; Co. company by Hermann Becker, Heinrich K\u00f6hler and Johann Ferdinand Mohr on 01.11.1908.<\/td>\n<\/tr>\n<tr>\n<td>1909<\/td>\n<td>Sale of more than 400 tons of manganese hard steel.<\/td>\n<\/tr>\n<tr>\n<td>1920<\/td>\n<td>Johann Ferdinand Mohr leaves the Becker K\u00f6hler &amp; Co. company and founds the Ferdinand Mohr GmbH company on 16.11.1920.<\/td>\n<\/tr>\n<tr>\n<td>1940<\/td>\n<td>Ferdinand Mohr GmbH opens a branch in Munich.<\/td>\n<\/tr>\n<tr>\n<td>1945<\/td>\n<td>The office of Ferdinand Mohr GmbH in Kassel falls victim to bombing raids during the second world war. The headquarters of the company is then relocated close to Hofgeismar.<\/td>\n<\/tr>\n<tr>\n<td>1948<\/td>\n<td>Dr. Ruth K\u00f6hler (daughter of Heinrich K\u00f6hler) enters the Becker, K\u00f6hler und Co. company.<\/td>\n<\/tr>\n<tr>\n<td>1954<\/td>\n<td>Johann Ferdinand Mohr dies and from this point on, his son Ferdinand Mohr heads Ferdinand Mohr GmbH.<\/td>\n<\/tr>\n<tr>\n<td>1957<\/td>\n<td>Hermann Becker and Heinrich K\u00f6hler leave the company, Dr. Ruth K\u00f6hler takes over the running of Becker, K\u00f6hler &amp; Co.<br \/>\nThe seat of Ferdinand Mohr GmbH is relocated to Kassel-Harleshausen.<\/td>\n<\/tr>\n<tr>\n<td>1962<\/td>\n<td>A subsidiary of Ferdinand Mohr GmbH is founded in Austria.<\/td>\n<\/tr>\n<tr>\n<td>1968<\/td>\n<td>Founding of the K\u00f6hler &amp; Co. company by Dr. Ruth K\u00f6hler and Dipl.-Ing. Dietrich G\u00f6rg<br \/>\non 01.01.1968.<br \/>\nPneumatic sector is added thanks to Dietrich G\u00f6rg.<\/td>\n<\/tr>\n<tr>\n<td>1980<\/td>\n<td>Dipl.-Ing. Klaus Drescher joins the board of Ferdinand Mohr GmbH and runs the company together with his father in law Ferdinand Mohr.<\/td>\n<\/tr>\n<tr>\n<td>1985<\/td>\n<td>Ferdinand Mohr passes away.<\/td>\n<\/tr>\n<tr>\n<td>1990<\/td>\n<td>Dr. Ruth K\u00f6hler leaves the K\u00f6hler &amp; Co. company<\/td>\n<\/tr>\n<tr>\n<td>1993<\/td>\n<td>Relocation of the company seat of K\u00f6hler &amp; Co. to the site in the Kassel-Waldau industrial zone.<\/td>\n<\/tr>\n<tr>\n<td>2001<\/td>\n<td>To ensure better market presence, the former competitors Klaus Drescher and Dietrich G\u00f6rg found on 24.07.2001 the new joint venture Mohr + K\u00f6hler GmbH with<br \/>\nlocations in Kassel-Harleshausen (Sales) and Kassel-Waldau (Workshop and Warehouse).<\/td>\n<\/tr>\n<tr>\n<td>2013<\/td>\n<td>At the age of 79, Dietrich G\u00f6rg withdraws from active participation in the business.<\/td>\n<\/tr>\n<tr>\n<td>2016<\/td>\n<td>Dipl.-Ing. Ralph Roth acquires the shares of Klaus Drescher and Dietrich G\u00f6rg and takes over the management of Mohr + K\u00f6hler GmbH. The company merges at the Kassel-Waldau location.<\/td>\n<\/tr>\n<tr>\n<td>2017<\/td>\n<td>Acquisition of VTA in St. Ingbert<\/td>\n<\/tr>\n<\/tbody>\n<\/table>\n<div class=\"center\" style=\"width: 70%;\">\n<figure id=\"attachment_205\" aria-describedby=\"caption-attachment-205\" style=\"width: 300px\" class=\"wp-caption alignleft\"><a href=\"https:\/\/www.mohr-koehler.de\/wp-content\/uploads\/BKC1.jpg\"><img loading=\"lazy\" decoding=\"async\" class=\"wp-image-205 size-medium\" title=\"Becker, K\u00f6hler &amp; Co. ca. 1908-1926\" src=\"https:\/\/www.mohr-koehler.de\/wp-content\/uploads\/BKC1-300x233.jpg\" alt=\"Becker, K\u00f6hler &amp; Co - Quality from tradition since 1908\" width=\"300\" height=\"233\" srcset=\"https:\/\/www.mohr-koehler.de\/wp-content\/uploads\/BKC1-300x233.jpg 300w, https:\/\/www.mohr-koehler.de\/wp-content\/uploads\/BKC1-768x597.jpg 768w, https:\/\/www.mohr-koehler.de\/wp-content\/uploads\/BKC1-1024x796.jpg 1024w, https:\/\/www.mohr-koehler.de\/wp-content\/uploads\/BKC1.jpg 1200w\" sizes=\"auto, (max-width: 300px) 100vw, 300px\" \/><\/a><figcaption id=\"caption-attachment-205\" class=\"wp-caption-text\">Quality from tradition since 1908<\/figcaption><\/figure>\n<figure id=\"attachment_205\" aria-describedby=\"caption-attachment-205\" style=\"width: 300px\" class=\"wp-caption alignleft\"><a href=\"https:\/\/www.mohr-koehler.de\/wp-content\/uploads\/BKC2.jpg\"><img loading=\"lazy\" decoding=\"async\" class=\"wp-image-206 size-medium\" title=\"Becker, K\u00f6hler &amp; Co. ca. 1908-1926\" src=\"https:\/\/www.mohr-koehler.de\/wp-content\/uploads\/BKC2-300x229.jpg\" alt=\"Becker, K\u00f6hler &amp; Co - Quality from tradition since 1908\" width=\"300\" height=\"229\" srcset=\"https:\/\/www.mohr-koehler.de\/wp-content\/uploads\/BKC2-300x229.jpg 300w, https:\/\/www.mohr-koehler.de\/wp-content\/uploads\/BKC2-768x586.jpg 768w, https:\/\/www.mohr-koehler.de\/wp-content\/uploads\/BKC2-1024x782.jpg 1024w, https:\/\/www.mohr-koehler.de\/wp-content\/uploads\/BKC2.jpg 1200w\" sizes=\"auto, (max-width: 300px) 100vw, 300px\" \/><\/a><figcaption id=\"caption-attachment-205\" class=\"wp-caption-text\">Quality from tradition since 1908<\/figcaption><\/figure>\n<\/div>\n","protected":false},"excerpt":{"rendered":"<p>1908 Founding of the Becker, K\u00f6hler &amp; Co. company by Hermann Becker, Heinrich K\u00f6hler and Johann Ferdinand Mohr on 01.11.1908. 1909 Sale of more than 400 tons of manganese hard steel. 1920 Johann Ferdinand Mohr leaves the Becker K\u00f6hler &amp; Co. company and founds the Ferdinand Mohr GmbH company on 16.11.1920. 1940 Ferdinand Mohr GmbH&#8230;<\/p>\n","protected":false},"author":1,"featured_media":0,"parent":1069,"menu_order":10,"comment_status":"closed","ping_status":"closed","template":"","meta":{"_kad_post_transparent":"","_kad_post_title":"","_kad_post_layout":"","_kad_post_sidebar_id":"","_kad_post_content_style":"","_kad_post_vertical_padding":"","_kad_post_feature":"","_kad_post_feature_position":"","_kad_post_header":false,"_kad_post_footer":false,"_kad_post_classname":"","footnotes":""},"class_list":["post-1239","page","type-page","status-publish","hentry"],"_links":{"self":[{"href":"https:\/\/www.mohr-koehler.de\/en\/wp-json\/wp\/v2\/pages\/1239","targetHints":{"allow":["GET"]}}],"collection":[{"href":"https:\/\/www.mohr-koehler.de\/en\/wp-json\/wp\/v2\/pages"}],"about":[{"href":"https:\/\/www.mohr-koehler.de\/en\/wp-json\/wp\/v2\/types\/page"}],"author":[{"embeddable":true,"href":"https:\/\/www.mohr-koehler.de\/en\/wp-json\/wp\/v2\/users\/1"}],"replies":[{"embeddable":true,"href":"https:\/\/www.mohr-koehler.de\/en\/wp-json\/wp\/v2\/comments?post=1239"}],"version-history":[{"count":2,"href":"https:\/\/www.mohr-koehler.de\/en\/wp-json\/wp\/v2\/pages\/1239\/revisions"}],"predecessor-version":[{"id":1496,"href":"https:\/\/www.mohr-koehler.de\/en\/wp-json\/wp\/v2\/pages\/1239\/revisions\/1496"}],"up":[{"embeddable":true,"href":"https:\/\/www.mohr-koehler.de\/en\/wp-json\/wp\/v2\/pages\/1069"}],"wp:attachment":[{"href":"https:\/\/www.mohr-koehler.de\/en\/wp-json\/wp\/v2\/media?parent=1239"}],"curies":[{"name":"wp","href":"https:\/\/api.w.org\/{rel}","templated":true}]}}