{"id":1071,"date":"2016-08-03T09:16:03","date_gmt":"2016-08-03T07:16:03","guid":{"rendered":"https:\/\/www.mohr-koehler.de\/marches\/"},"modified":"2024-08-02T10:18:58","modified_gmt":"2024-08-02T08:18:58","slug":"marches","status":"publish","type":"page","link":"https:\/\/www.mohr-koehler.de\/fr\/societe\/marches\/","title":{"rendered":"March\u00e9s"},"content":{"rendered":"<div class=\"wp-block-image\">\n<figure class=\"alignleft\"><img loading=\"lazy\" decoding=\"async\" width=\"450\" height=\"299\" src=\"https:\/\/www.mohr-koehler.de\/wp-content\/uploads\/quarry-443255_1920-450x299.jpg\" alt=\"\" class=\"wp-image-285\" srcset=\"https:\/\/www.mohr-koehler.de\/wp-content\/uploads\/quarry-443255_1920-450x299.jpg 450w, https:\/\/www.mohr-koehler.de\/wp-content\/uploads\/quarry-443255_1920-250x166.jpg 250w, https:\/\/www.mohr-koehler.de\/wp-content\/uploads\/quarry-443255_1920-768x510.jpg 768w, https:\/\/www.mohr-koehler.de\/wp-content\/uploads\/quarry-443255_1920-1000x665.jpg 1000w, https:\/\/www.mohr-koehler.de\/wp-content\/uploads\/quarry-443255_1920.jpg 1920w\" sizes=\"auto, (max-width: 450px) 100vw, 450px\" \/><\/figure>\n<\/div>\n\n\n<p>En qualit\u00e9 de fabricant de pi\u00e8ces d&rsquo;usure et de rechange pour les machines de broyage de mati\u00e8res brutes min\u00e9rales, nous travaillons avec des soci\u00e9t\u00e9s de l&rsquo;industrie des minerais non m\u00e9talliques, du recyclage de mat\u00e9riaux, de l&rsquo;industrie des minerais et des produits r\u00e9fractaires, des usines de ciment et de chaux, de l&rsquo;industrie mini\u00e8re et de l&rsquo;industrie chimique.<\/p>\n\n\n<div class=\"wp-block-image\">\n<figure class=\"alignright\"><img loading=\"lazy\" decoding=\"async\" width=\"450\" height=\"338\" src=\"https:\/\/www.mohr-koehler.de\/wp-content\/uploads\/gravel-837723_1920-450x338.jpg\" alt=\"\" class=\"wp-image-282\" srcset=\"https:\/\/www.mohr-koehler.de\/wp-content\/uploads\/gravel-837723_1920-450x338.jpg 450w, https:\/\/www.mohr-koehler.de\/wp-content\/uploads\/gravel-837723_1920-250x188.jpg 250w, https:\/\/www.mohr-koehler.de\/wp-content\/uploads\/gravel-837723_1920-768x576.jpg 768w, https:\/\/www.mohr-koehler.de\/wp-content\/uploads\/gravel-837723_1920-1000x750.jpg 1000w, https:\/\/www.mohr-koehler.de\/wp-content\/uploads\/gravel-837723_1920.jpg 1920w\" sizes=\"auto, (max-width: 450px) 100vw, 450px\" \/><\/figure>\n<\/div>\n\n\n<p>Notre pr\u00e9sence internationale nous permet d&rsquo;offrir nos services pour toutes les machines courantes.<\/p>\n\n\n\n<p>Notre offre se d\u00e9cline essentiellement autour des prestations suivantes&nbsp;: r\u00e9parations, r\u00e9visions g\u00e9n\u00e9rales et optimisation de concasseurs.<br>Nous proposons un grand choix de pi\u00e8ces de rechange et d&rsquo;usure pour les concasseurs \u00e0 m\u00e2choires, les concasseurs giratoires, les concasseurs \u00e0 cylindres, les concasseurs \u00e0 impact et les concasseurs \u00e0 marteaux ainsi que les concasseurs \u00e0 ciment, \u00e0 billes et \u00e0 barre.<\/p>\n\n\n\n<p>Vous aussi, profitez des avantages que nous offrons d\u00e9j\u00e0 \u00e0 nos clients en Allemagne, en Autriche, en Suisse et dans de nombreux autres pays.<\/p>\n\n\n<div class=\"wp-block-image\">\n<figure class=\"alignleft\"><img loading=\"lazy\" decoding=\"async\" width=\"450\" height=\"338\" src=\"https:\/\/www.mohr-koehler.de\/wp-content\/uploads\/quarry-619497_1920-450x338.jpg\" alt=\"\" class=\"wp-image-284\" srcset=\"https:\/\/www.mohr-koehler.de\/wp-content\/uploads\/quarry-619497_1920-450x338.jpg 450w, https:\/\/www.mohr-koehler.de\/wp-content\/uploads\/quarry-619497_1920-250x188.jpg 250w, https:\/\/www.mohr-koehler.de\/wp-content\/uploads\/quarry-619497_1920-768x576.jpg 768w, https:\/\/www.mohr-koehler.de\/wp-content\/uploads\/quarry-619497_1920-1000x750.jpg 1000w, https:\/\/www.mohr-koehler.de\/wp-content\/uploads\/quarry-619497_1920.jpg 1920w\" sizes=\"auto, (max-width: 450px) 100vw, 450px\" \/><\/figure>\n<\/div>\n\n<div class=\"wp-block-image\">\n<figure class=\"alignright\"><img loading=\"lazy\" decoding=\"async\" width=\"450\" height=\"229\" src=\"https:\/\/www.mohr-koehler.de\/wp-content\/uploads\/quarry-1303432_1920-450x229.jpg\" alt=\"quarry-1303432_1920\" class=\"wp-image-283\" srcset=\"https:\/\/www.mohr-koehler.de\/wp-content\/uploads\/quarry-1303432_1920-450x229.jpg 450w, https:\/\/www.mohr-koehler.de\/wp-content\/uploads\/quarry-1303432_1920-250x127.jpg 250w, https:\/\/www.mohr-koehler.de\/wp-content\/uploads\/quarry-1303432_1920-768x391.jpg 768w, https:\/\/www.mohr-koehler.de\/wp-content\/uploads\/quarry-1303432_1920-1000x509.jpg 1000w, https:\/\/www.mohr-koehler.de\/wp-content\/uploads\/quarry-1303432_1920.jpg 1920w\" sizes=\"auto, (max-width: 450px) 100vw, 450px\" \/><\/figure>\n<\/div>","protected":false},"excerpt":{"rendered":"<p>En qualit\u00e9 de fabricant de pi\u00e8ces d&rsquo;usure et de rechange pour les machines de broyage de mati\u00e8res brutes min\u00e9rales, nous travaillons avec des soci\u00e9t\u00e9s de l&rsquo;industrie des minerais non m\u00e9talliques, du recyclage de mat\u00e9riaux, de l&rsquo;industrie des minerais et des produits r\u00e9fractaires, des usines de ciment et de chaux, de l&rsquo;industrie mini\u00e8re et de l&rsquo;industrie&#8230;<\/p>\n","protected":false},"author":1,"featured_media":0,"parent":1068,"menu_order":20,"comment_status":"closed","ping_status":"closed","template":"","meta":{"_kad_post_transparent":"","_kad_post_title":"","_kad_post_layout":"","_kad_post_sidebar_id":"","_kad_post_content_style":"","_kad_post_vertical_padding":"","_kad_post_feature":"","_kad_post_feature_position":"","_kad_post_header":false,"_kad_post_footer":false,"_kad_post_classname":"","footnotes":""},"class_list":["post-1071","page","type-page","status-publish","hentry"],"_links":{"self":[{"href":"https:\/\/www.mohr-koehler.de\/fr\/wp-json\/wp\/v2\/pages\/1071","targetHints":{"allow":["GET"]}}],"collection":[{"href":"https:\/\/www.mohr-koehler.de\/fr\/wp-json\/wp\/v2\/pages"}],"about":[{"href":"https:\/\/www.mohr-koehler.de\/fr\/wp-json\/wp\/v2\/types\/page"}],"author":[{"embeddable":true,"href":"https:\/\/www.mohr-koehler.de\/fr\/wp-json\/wp\/v2\/users\/1"}],"replies":[{"embeddable":true,"href":"https:\/\/www.mohr-koehler.de\/fr\/wp-json\/wp\/v2\/comments?post=1071"}],"version-history":[{"count":2,"href":"https:\/\/www.mohr-koehler.de\/fr\/wp-json\/wp\/v2\/pages\/1071\/revisions"}],"predecessor-version":[{"id":1631,"href":"https:\/\/www.mohr-koehler.de\/fr\/wp-json\/wp\/v2\/pages\/1071\/revisions\/1631"}],"up":[{"embeddable":true,"href":"https:\/\/www.mohr-koehler.de\/fr\/wp-json\/wp\/v2\/pages\/1068"}],"wp:attachment":[{"href":"https:\/\/www.mohr-koehler.de\/fr\/wp-json\/wp\/v2\/media?parent=1071"}],"curies":[{"name":"wp","href":"https:\/\/api.w.org\/{rel}","templated":true}]}}