{"id":1078,"date":"2016-08-03T09:16:17","date_gmt":"2016-08-03T07:16:17","guid":{"rendered":"https:\/\/www.mohr-koehler.de\/objectif\/"},"modified":"2016-08-03T09:16:17","modified_gmt":"2016-08-03T07:16:17","slug":"objectif","status":"publish","type":"page","link":"https:\/\/www.mohr-koehler.de\/fr\/societe\/objectif\/","title":{"rendered":"Objectif"},"content":{"rendered":"<p><strong>Nous avons pour objectif de proposer un partenariat fiable<\/strong><\/p>\n<ul>\n<li>\u00e0 nos clients,<\/li>\n<li>\u00e0 nos fournisseurs<\/li>\n<li>et \u00e0 nos employ\u00e9s<\/li>\n<\/ul>\n<p>Nous souhaitons que chacun de nos clients puisse ressentir qu&rsquo;il est pour nous tout au long de notre travail quotidien la personne la plus importante gr\u00e2ce \u00e0 notre flexibilit\u00e9, la qualit\u00e9 toujours \u00e9lev\u00e9e de nos produits et notre respect des d\u00e9lais de livraison.<\/p>\n<p><strong>Plus pr\u00e9cis\u00e9ment, ces objectifs signifient pour notre politique de qualit\u00e9:<\/strong><\/p>\n<ul>\n<li>Une am\u00e9lioration continue de nos processus de fabrication<\/li>\n<li>Des produits de qualit\u00e9 \u00e9lev\u00e9e et constante<\/li>\n<li>Une r\u00e9duction des r\u00e9clamations gr\u00e2ce \u00e0 un contr\u00f4le permanent<\/li>\n<li>Trouver, en cas de r\u00e9clamation, une solution \u00e9quitable et conciliante pour nos clients<\/li>\n<li>Une augmentation de notre productivit\u00e9<\/li>\n<li>Une expertise efficace pour nos clients<\/li>\n<li>Le respect de toutes les lois, r\u00e8glements et prescriptions correspondants<\/li>\n<\/ul>\n","protected":false},"excerpt":{"rendered":"<p>Nous avons pour objectif de proposer un partenariat fiable \u00e0 nos clients, \u00e0 nos fournisseurs et \u00e0 nos employ\u00e9s Nous souhaitons que chacun de nos clients puisse ressentir qu&rsquo;il est pour nous tout au long de notre travail quotidien la personne la plus importante gr\u00e2ce \u00e0 notre flexibilit\u00e9, la qualit\u00e9 toujours \u00e9lev\u00e9e de nos produits&#8230;<\/p>\n","protected":false},"author":1,"featured_media":0,"parent":1068,"menu_order":30,"comment_status":"closed","ping_status":"closed","template":"","meta":{"_kad_post_transparent":"","_kad_post_title":"","_kad_post_layout":"","_kad_post_sidebar_id":"","_kad_post_content_style":"","_kad_post_vertical_padding":"","_kad_post_feature":"","_kad_post_feature_position":"","_kad_post_header":false,"_kad_post_footer":false,"_kad_post_classname":"","footnotes":""},"class_list":["post-1078","page","type-page","status-publish","hentry"],"_links":{"self":[{"href":"https:\/\/www.mohr-koehler.de\/fr\/wp-json\/wp\/v2\/pages\/1078","targetHints":{"allow":["GET"]}}],"collection":[{"href":"https:\/\/www.mohr-koehler.de\/fr\/wp-json\/wp\/v2\/pages"}],"about":[{"href":"https:\/\/www.mohr-koehler.de\/fr\/wp-json\/wp\/v2\/types\/page"}],"author":[{"embeddable":true,"href":"https:\/\/www.mohr-koehler.de\/fr\/wp-json\/wp\/v2\/users\/1"}],"replies":[{"embeddable":true,"href":"https:\/\/www.mohr-koehler.de\/fr\/wp-json\/wp\/v2\/comments?post=1078"}],"version-history":[{"count":0,"href":"https:\/\/www.mohr-koehler.de\/fr\/wp-json\/wp\/v2\/pages\/1078\/revisions"}],"up":[{"embeddable":true,"href":"https:\/\/www.mohr-koehler.de\/fr\/wp-json\/wp\/v2\/pages\/1068"}],"wp:attachment":[{"href":"https:\/\/www.mohr-koehler.de\/fr\/wp-json\/wp\/v2\/media?parent=1078"}],"curies":[{"name":"wp","href":"https:\/\/api.w.org\/{rel}","templated":true}]}}