{"id":1082,"date":"2016-08-03T09:16:33","date_gmt":"2016-08-03T07:16:33","guid":{"rendered":"https:\/\/www.mohr-koehler.de\/produits\/"},"modified":"2024-06-15T11:52:12","modified_gmt":"2024-06-15T09:52:12","slug":"produits","status":"publish","type":"page","link":"https:\/\/www.mohr-koehler.de\/fr\/produits\/","title":{"rendered":"Produits"},"content":{"rendered":"\n<p>Font partie de nos produits des pi\u00e8ces de rechange et d&rsquo;usure pour les concasseurs \u00e0 m\u00e2choires, giratoires, \u00e0 impacts, \u00e0 cylindres, \u00e0 billes et \u00e0 barre ainsi que les tamiseuses et les pompes.<br>Pour s\u00e9lectionner les diff\u00e9rents mat\u00e9riaux, n&rsquo;h\u00e9sitez \u00e0 profiter de l&rsquo;aide de nos experts afin d&rsquo;optimiser votre installation de broyage et ainsi de r\u00e9duire les co\u00fbts de production.<\/p>\n\n\n\n<p>La division Pneumatique\/Hydraulique propose la fabrication et la distribution de cylindres et d&rsquo;accessoires pneumatiques et hydrauliques.<br>Dans ce domaine, notre activit\u00e9 se concentre tout particuli\u00e8rement sur la fabrication de cylindres en fonction des besoins sp\u00e9cifiques de nos clients et sur la r\u00e9paration de cylindres.<\/p>\n\n\n\n<div class=\"center\" style=\"text-align: center;\"><a class=\"button\" href=\"https:\/\/www.mohr-koehler.de\/fr\/produits\/pieces-de-rechange-et-dusure\/\">Pi\u00e8ces de rechange et d&rsquo;usure<\/a>&nbsp;&nbsp; <a class=\"button\" href=\"https:\/\/www.mohr-koehler.de\/fr\/produits\/liste-des-pieces-dusure\/\">Liste des pi\u00e8ces d\u2019usure<\/a> &nbsp; <a class=\"button\" href=\"https:\/\/www.mohr-koehler.de\/fr\/produits\/programme-de-livraison-extrait\/\">Programme de livraison<\/a>&nbsp;&nbsp; <a class=\"button\" href=\"https:\/\/www.mohr-koehler.de\/fr\/produits\/composants-de-machine\/\">Composants de machine<\/a>&nbsp;&nbsp; <a class=\"button\" href=\"https:\/\/www.mohr-koehler.de\/fr\/produits\/pneumatique-hydraulique\/\">Pneumatique\/Hydraulique<\/a><\/div>\n","protected":false},"excerpt":{"rendered":"<p>Font partie de nos produits des pi\u00e8ces de rechange et d&rsquo;usure pour les concasseurs \u00e0 m\u00e2choires, giratoires, \u00e0 impacts, \u00e0 cylindres, \u00e0 billes et \u00e0 barre ainsi que les tamiseuses et les pompes.Pour s\u00e9lectionner les diff\u00e9rents mat\u00e9riaux, n&rsquo;h\u00e9sitez \u00e0 profiter de l&rsquo;aide de nos experts afin d&rsquo;optimiser votre installation de broyage et ainsi de r\u00e9duire&#8230;<\/p>\n","protected":false},"author":1,"featured_media":0,"parent":0,"menu_order":20,"comment_status":"closed","ping_status":"closed","template":"","meta":{"_kad_post_transparent":"","_kad_post_title":"","_kad_post_layout":"","_kad_post_sidebar_id":"","_kad_post_content_style":"","_kad_post_vertical_padding":"","_kad_post_feature":"","_kad_post_feature_position":"","_kad_post_header":false,"_kad_post_footer":false,"_kad_post_classname":"","footnotes":""},"class_list":["post-1082","page","type-page","status-publish","hentry"],"_links":{"self":[{"href":"https:\/\/www.mohr-koehler.de\/fr\/wp-json\/wp\/v2\/pages\/1082","targetHints":{"allow":["GET"]}}],"collection":[{"href":"https:\/\/www.mohr-koehler.de\/fr\/wp-json\/wp\/v2\/pages"}],"about":[{"href":"https:\/\/www.mohr-koehler.de\/fr\/wp-json\/wp\/v2\/types\/page"}],"author":[{"embeddable":true,"href":"https:\/\/www.mohr-koehler.de\/fr\/wp-json\/wp\/v2\/users\/1"}],"replies":[{"embeddable":true,"href":"https:\/\/www.mohr-koehler.de\/fr\/wp-json\/wp\/v2\/comments?post=1082"}],"version-history":[{"count":2,"href":"https:\/\/www.mohr-koehler.de\/fr\/wp-json\/wp\/v2\/pages\/1082\/revisions"}],"predecessor-version":[{"id":1399,"href":"https:\/\/www.mohr-koehler.de\/fr\/wp-json\/wp\/v2\/pages\/1082\/revisions\/1399"}],"wp:attachment":[{"href":"https:\/\/www.mohr-koehler.de\/fr\/wp-json\/wp\/v2\/media?parent=1082"}],"curies":[{"name":"wp","href":"https:\/\/api.w.org\/{rel}","templated":true}]}}