{"id":1085,"date":"2016-08-03T09:16:58","date_gmt":"2016-08-03T07:16:58","guid":{"rendered":"https:\/\/www.mohr-koehler.de\/service\/"},"modified":"2016-08-03T09:16:58","modified_gmt":"2016-08-03T07:16:58","slug":"service","status":"publish","type":"page","link":"https:\/\/www.mohr-koehler.de\/fr\/service\/","title":{"rendered":"Service"},"content":{"rendered":"<p>Optimisation de votre concasseur<\/p>\n<p><a href=\"https:\/\/www.mohr-koehler.de\/wp-content\/uploads\/Brechbackenoptimierung.jpg\"><img loading=\"lazy\" decoding=\"async\" src=\"https:\/\/www.mohr-koehler.de\/wp-content\/uploads\/Brechbackenoptimierung-250x177.jpg\" alt=\"Optimisation de votre concasseur\" height=\"177\" width=\"250\" class=\"aligncenter size-thumbnail wp-image-568\" \/><\/a><\/p>\n<hr class=\"eins\" \/>\n<p>Syst\u00e8mes sous pression sans maintenance<\/p>\n<div id='gallery-1' class='gallery galleryid-1085 gallery-columns-3 gallery-size-thumbnail'><figure class='gallery-item'>\n\t\t\t<div class='gallery-icon landscape'>\n\t\t\t\t<a href='https:\/\/www.mohr-koehler.de\/wp-content\/uploads\/Drucksystem-FM1.jpg'><img loading=\"lazy\" decoding=\"async\" width=\"250\" height=\"177\" src=\"https:\/\/www.mohr-koehler.de\/wp-content\/uploads\/Drucksystem-FM1-250x177.jpg\" class=\"attachment-thumbnail size-thumbnail\" alt=\"\" srcset=\"https:\/\/www.mohr-koehler.de\/wp-content\/uploads\/Drucksystem-FM1-250x177.jpg 250w, https:\/\/www.mohr-koehler.de\/wp-content\/uploads\/Drucksystem-FM1-450x319.jpg 450w, https:\/\/www.mohr-koehler.de\/wp-content\/uploads\/Drucksystem-FM1-768x545.jpg 768w, https:\/\/www.mohr-koehler.de\/wp-content\/uploads\/Drucksystem-FM1.jpg 1000w\" sizes=\"auto, (max-width: 250px) 100vw, 250px\" \/><\/a>\n\t\t\t<\/div><\/figure><figure class='gallery-item'>\n\t\t\t<div class='gallery-icon landscape'>\n\t\t\t\t<a href='https:\/\/www.mohr-koehler.de\/wp-content\/uploads\/Drucksystem-FM2.jpg'><img loading=\"lazy\" decoding=\"async\" width=\"250\" height=\"177\" src=\"https:\/\/www.mohr-koehler.de\/wp-content\/uploads\/Drucksystem-FM2-250x177.jpg\" class=\"attachment-thumbnail size-thumbnail\" alt=\"\" srcset=\"https:\/\/www.mohr-koehler.de\/wp-content\/uploads\/Drucksystem-FM2-250x177.jpg 250w, https:\/\/www.mohr-koehler.de\/wp-content\/uploads\/Drucksystem-FM2-450x318.jpg 450w, https:\/\/www.mohr-koehler.de\/wp-content\/uploads\/Drucksystem-FM2-768x542.jpg 768w, https:\/\/www.mohr-koehler.de\/wp-content\/uploads\/Drucksystem-FM2.jpg 1000w\" sizes=\"auto, (max-width: 250px) 100vw, 250px\" \/><\/a>\n\t\t\t<\/div><\/figure>\n\t\t<\/div>\n\n<hr class=\"eins\" \/>\n<p>R\u00e9vision partielle ou g\u00e9n\u00e9rale<\/p>\n<div id='gallery-2' class='gallery galleryid-1085 gallery-columns-3 gallery-size-thumbnail'><figure class='gallery-item'>\n\t\t\t<div class='gallery-icon landscape'>\n\t\t\t\t<a href='https:\/\/www.mohr-koehler.de\/wp-content\/uploads\/Generalueberholung-Doppelkniehebelbrecher_1.jpg'><img loading=\"lazy\" decoding=\"async\" width=\"250\" height=\"141\" src=\"https:\/\/www.mohr-koehler.de\/wp-content\/uploads\/Generalueberholung-Doppelkniehebelbrecher_1-250x141.jpg\" class=\"attachment-thumbnail size-thumbnail\" alt=\"\" srcset=\"https:\/\/www.mohr-koehler.de\/wp-content\/uploads\/Generalueberholung-Doppelkniehebelbrecher_1-250x141.jpg 250w, https:\/\/www.mohr-koehler.de\/wp-content\/uploads\/Generalueberholung-Doppelkniehebelbrecher_1-450x253.jpg 450w, https:\/\/www.mohr-koehler.de\/wp-content\/uploads\/Generalueberholung-Doppelkniehebelbrecher_1-768x432.jpg 768w, https:\/\/www.mohr-koehler.de\/wp-content\/uploads\/Generalueberholung-Doppelkniehebelbrecher_1.jpg 1000w\" sizes=\"auto, (max-width: 250px) 100vw, 250px\" \/><\/a>\n\t\t\t<\/div><\/figure><figure class='gallery-item'>\n\t\t\t<div class='gallery-icon landscape'>\n\t\t\t\t<a href='https:\/\/www.mohr-koehler.de\/wp-content\/uploads\/Generalueberholung-Doppelkniehebelbrecher_2.jpg'><img loading=\"lazy\" decoding=\"async\" width=\"250\" height=\"141\" src=\"https:\/\/www.mohr-koehler.de\/wp-content\/uploads\/Generalueberholung-Doppelkniehebelbrecher_2-250x141.jpg\" class=\"attachment-thumbnail size-thumbnail\" alt=\"\" srcset=\"https:\/\/www.mohr-koehler.de\/wp-content\/uploads\/Generalueberholung-Doppelkniehebelbrecher_2-250x141.jpg 250w, https:\/\/www.mohr-koehler.de\/wp-content\/uploads\/Generalueberholung-Doppelkniehebelbrecher_2-450x253.jpg 450w, https:\/\/www.mohr-koehler.de\/wp-content\/uploads\/Generalueberholung-Doppelkniehebelbrecher_2-768x432.jpg 768w, https:\/\/www.mohr-koehler.de\/wp-content\/uploads\/Generalueberholung-Doppelkniehebelbrecher_2.jpg 1000w\" sizes=\"auto, (max-width: 250px) 100vw, 250px\" \/><\/a>\n\t\t\t<\/div><\/figure><figure class='gallery-item'>\n\t\t\t<div class='gallery-icon landscape'>\n\t\t\t\t<a href='https:\/\/www.mohr-koehler.de\/wp-content\/uploads\/Generalueberholung-Doppelkniehebelbrecher_3.jpg'><img loading=\"lazy\" decoding=\"async\" width=\"250\" height=\"141\" src=\"https:\/\/www.mohr-koehler.de\/wp-content\/uploads\/Generalueberholung-Doppelkniehebelbrecher_3-250x141.jpg\" class=\"attachment-thumbnail size-thumbnail\" alt=\"\" srcset=\"https:\/\/www.mohr-koehler.de\/wp-content\/uploads\/Generalueberholung-Doppelkniehebelbrecher_3-250x141.jpg 250w, https:\/\/www.mohr-koehler.de\/wp-content\/uploads\/Generalueberholung-Doppelkniehebelbrecher_3-450x253.jpg 450w, https:\/\/www.mohr-koehler.de\/wp-content\/uploads\/Generalueberholung-Doppelkniehebelbrecher_3-768x432.jpg 768w, https:\/\/www.mohr-koehler.de\/wp-content\/uploads\/Generalueberholung-Doppelkniehebelbrecher_3.jpg 1000w\" sizes=\"auto, (max-width: 250px) 100vw, 250px\" \/><\/a>\n\t\t\t<\/div><\/figure>\n\t\t<\/div>\n\n<hr class=\"eins\" \/>\n<p>R\u00e9paration de bielles oscillantes<\/p>\n<div id='gallery-3' class='gallery galleryid-1085 gallery-columns-3 gallery-size-thumbnail'><figure class='gallery-item'>\n\t\t\t<div class='gallery-icon landscape'>\n\t\t\t\t<a href='https:\/\/www.mohr-koehler.de\/wp-content\/uploads\/Reparatur-Brecherschwinge-1.jpg'><img loading=\"lazy\" decoding=\"async\" width=\"250\" height=\"188\" src=\"https:\/\/www.mohr-koehler.de\/wp-content\/uploads\/Reparatur-Brecherschwinge-1-250x188.jpg\" class=\"attachment-thumbnail size-thumbnail\" alt=\"\" srcset=\"https:\/\/www.mohr-koehler.de\/wp-content\/uploads\/Reparatur-Brecherschwinge-1-250x188.jpg 250w, https:\/\/www.mohr-koehler.de\/wp-content\/uploads\/Reparatur-Brecherschwinge-1-450x338.jpg 450w, https:\/\/www.mohr-koehler.de\/wp-content\/uploads\/Reparatur-Brecherschwinge-1-768x576.jpg 768w, https:\/\/www.mohr-koehler.de\/wp-content\/uploads\/Reparatur-Brecherschwinge-1.jpg 1000w\" sizes=\"auto, (max-width: 250px) 100vw, 250px\" \/><\/a>\n\t\t\t<\/div><\/figure><figure class='gallery-item'>\n\t\t\t<div class='gallery-icon portrait'>\n\t\t\t\t<a href='https:\/\/www.mohr-koehler.de\/wp-content\/uploads\/Reparatur-Brecherschwinge-2.jpg'><img loading=\"lazy\" decoding=\"async\" width=\"188\" height=\"250\" src=\"https:\/\/www.mohr-koehler.de\/wp-content\/uploads\/Reparatur-Brecherschwinge-2-188x250.jpg\" class=\"attachment-thumbnail size-thumbnail\" alt=\"\" srcset=\"https:\/\/www.mohr-koehler.de\/wp-content\/uploads\/Reparatur-Brecherschwinge-2-188x250.jpg 188w, https:\/\/www.mohr-koehler.de\/wp-content\/uploads\/Reparatur-Brecherschwinge-2-338x450.jpg 338w, https:\/\/www.mohr-koehler.de\/wp-content\/uploads\/Reparatur-Brecherschwinge-2.jpg 675w\" sizes=\"auto, (max-width: 188px) 100vw, 188px\" \/><\/a>\n\t\t\t<\/div><\/figure>\n\t\t<\/div>\n\n<hr class=\"eins\" \/>\n<p>Fabrication de corps neufs de concasseurs \u00e0 c\u00f4nes<\/p>\n<div id='gallery-4' class='gallery galleryid-1085 gallery-columns-3 gallery-size-thumbnail'><figure class='gallery-item'>\n\t\t\t<div class='gallery-icon portrait'>\n\t\t\t\t<a href='https:\/\/www.mohr-koehler.de\/wp-content\/uploads\/Untergehaeuse-Kreiselbrecher-1.jpg'><img loading=\"lazy\" decoding=\"async\" width=\"188\" height=\"250\" src=\"https:\/\/www.mohr-koehler.de\/wp-content\/uploads\/Untergehaeuse-Kreiselbrecher-1-188x250.jpg\" class=\"attachment-thumbnail size-thumbnail\" alt=\"\" srcset=\"https:\/\/www.mohr-koehler.de\/wp-content\/uploads\/Untergehaeuse-Kreiselbrecher-1-188x250.jpg 188w, https:\/\/www.mohr-koehler.de\/wp-content\/uploads\/Untergehaeuse-Kreiselbrecher-1-338x450.jpg 338w, https:\/\/www.mohr-koehler.de\/wp-content\/uploads\/Untergehaeuse-Kreiselbrecher-1.jpg 675w\" sizes=\"auto, (max-width: 188px) 100vw, 188px\" \/><\/a>\n\t\t\t<\/div><\/figure><figure class='gallery-item'>\n\t\t\t<div class='gallery-icon landscape'>\n\t\t\t\t<a href='https:\/\/www.mohr-koehler.de\/wp-content\/uploads\/Obergehaeuse-Kreiselbrecher.jpg'><img loading=\"lazy\" decoding=\"async\" width=\"250\" height=\"188\" src=\"https:\/\/www.mohr-koehler.de\/wp-content\/uploads\/Obergehaeuse-Kreiselbrecher-250x188.jpg\" class=\"attachment-thumbnail size-thumbnail\" alt=\"\" srcset=\"https:\/\/www.mohr-koehler.de\/wp-content\/uploads\/Obergehaeuse-Kreiselbrecher-250x188.jpg 250w, https:\/\/www.mohr-koehler.de\/wp-content\/uploads\/Obergehaeuse-Kreiselbrecher-450x338.jpg 450w, https:\/\/www.mohr-koehler.de\/wp-content\/uploads\/Obergehaeuse-Kreiselbrecher-768x576.jpg 768w, https:\/\/www.mohr-koehler.de\/wp-content\/uploads\/Obergehaeuse-Kreiselbrecher.jpg 1000w\" sizes=\"auto, (max-width: 250px) 100vw, 250px\" \/><\/a>\n\t\t\t<\/div><\/figure>\n\t\t<\/div>\n\n<hr class=\"eins\" \/>\n<p>Montage d&rsquo;outils de concassage<\/p>\n<div id='gallery-5' class='gallery galleryid-1085 gallery-columns-3 gallery-size-thumbnail'><figure class='gallery-item'>\n\t\t\t<div class='gallery-icon landscape'>\n\t\t\t\t<a href='https:\/\/www.mohr-koehler.de\/wp-content\/uploads\/Montage-Brechringsegmente-1.jpg'><img loading=\"lazy\" decoding=\"async\" width=\"250\" height=\"201\" src=\"https:\/\/www.mohr-koehler.de\/wp-content\/uploads\/Montage-Brechringsegmente-1-250x201.jpg\" class=\"attachment-thumbnail size-thumbnail\" alt=\"\" srcset=\"https:\/\/www.mohr-koehler.de\/wp-content\/uploads\/Montage-Brechringsegmente-1-250x201.jpg 250w, https:\/\/www.mohr-koehler.de\/wp-content\/uploads\/Montage-Brechringsegmente-1-450x362.jpg 450w, https:\/\/www.mohr-koehler.de\/wp-content\/uploads\/Montage-Brechringsegmente-1-768x618.jpg 768w, https:\/\/www.mohr-koehler.de\/wp-content\/uploads\/Montage-Brechringsegmente-1.jpg 1000w\" sizes=\"auto, (max-width: 250px) 100vw, 250px\" \/><\/a>\n\t\t\t<\/div><\/figure><figure class='gallery-item'>\n\t\t\t<div class='gallery-icon landscape'>\n\t\t\t\t<a href='https:\/\/www.mohr-koehler.de\/wp-content\/uploads\/Montage-Brechringsegmente-2.jpg'><img loading=\"lazy\" decoding=\"async\" width=\"250\" height=\"188\" src=\"https:\/\/www.mohr-koehler.de\/wp-content\/uploads\/Montage-Brechringsegmente-2-250x188.jpg\" class=\"attachment-thumbnail size-thumbnail\" alt=\"\" srcset=\"https:\/\/www.mohr-koehler.de\/wp-content\/uploads\/Montage-Brechringsegmente-2-250x188.jpg 250w, https:\/\/www.mohr-koehler.de\/wp-content\/uploads\/Montage-Brechringsegmente-2-450x338.jpg 450w, https:\/\/www.mohr-koehler.de\/wp-content\/uploads\/Montage-Brechringsegmente-2-768x576.jpg 768w, https:\/\/www.mohr-koehler.de\/wp-content\/uploads\/Montage-Brechringsegmente-2.jpg 1000w\" sizes=\"auto, (max-width: 250px) 100vw, 250px\" \/><\/a>\n\t\t\t<\/div><\/figure><figure class='gallery-item'>\n\t\t\t<div class='gallery-icon landscape'>\n\t\t\t\t<a href='https:\/\/www.mohr-koehler.de\/wp-content\/uploads\/Montage-Prallbalken-2.jpg'><img loading=\"lazy\" decoding=\"async\" width=\"250\" height=\"188\" src=\"https:\/\/www.mohr-koehler.de\/wp-content\/uploads\/Montage-Prallbalken-2-250x188.jpg\" class=\"attachment-thumbnail size-thumbnail\" alt=\"\" srcset=\"https:\/\/www.mohr-koehler.de\/wp-content\/uploads\/Montage-Prallbalken-2-250x188.jpg 250w, https:\/\/www.mohr-koehler.de\/wp-content\/uploads\/Montage-Prallbalken-2-450x338.jpg 450w, https:\/\/www.mohr-koehler.de\/wp-content\/uploads\/Montage-Prallbalken-2-768x576.jpg 768w, https:\/\/www.mohr-koehler.de\/wp-content\/uploads\/Montage-Prallbalken-2.jpg 1000w\" sizes=\"auto, (max-width: 250px) 100vw, 250px\" \/><\/a>\n\t\t\t<\/div><\/figure>\n\t\t<\/div>\n\n<hr class=\"eins\" \/>\n<p>Pose de paliers neufs concasseurs giratoires Symons<br \/>\n<a href=\"https:\/\/www.mohr-koehler.de\/wp-content\/uploads\/Neulagerung-Symons-Kreiselbrecher.jpg\"><img loading=\"lazy\" decoding=\"async\" class=\"aligncenter size-thumbnail wp-image-329\" src=\"https:\/\/www.mohr-koehler.de\/wp-content\/uploads\/Neulagerung-Symons-Kreiselbrecher-250x141.jpg\" alt=\"Pose de paliers neufs concasseurs giratoires Symons\" width=\"250\" height=\"141\" srcset=\"https:\/\/www.mohr-koehler.de\/wp-content\/uploads\/Neulagerung-Symons-Kreiselbrecher-250x141.jpg 250w, https:\/\/www.mohr-koehler.de\/wp-content\/uploads\/Neulagerung-Symons-Kreiselbrecher-450x253.jpg 450w, https:\/\/www.mohr-koehler.de\/wp-content\/uploads\/Neulagerung-Symons-Kreiselbrecher-768x432.jpg 768w, https:\/\/www.mohr-koehler.de\/wp-content\/uploads\/Neulagerung-Symons-Kreiselbrecher.jpg 1000w\" sizes=\"auto, (max-width: 250px) 100vw, 250px\" \/><\/a><\/p>\n<hr class=\"eins\" \/>\n<p>R\u00e9paration syst\u00e8me sous pression et r\u00e9glage de l&rsquo;\u00e9cartement<br \/>\n<a href=\"https:\/\/www.mohr-koehler.de\/wp-content\/uploads\/Reparatur-Drucksystem-und-Spalteinstellung.jpg\"><img loading=\"lazy\" decoding=\"async\" class=\"aligncenter size-thumbnail wp-image-333\" src=\"https:\/\/www.mohr-koehler.de\/wp-content\/uploads\/Reparatur-Drucksystem-und-Spalteinstellung-250x141.jpg\" alt=\"R\u00e9paration syst\u00e8me sous pression et r\u00e9glage de l'\u00e9cartement\" width=\"250\" height=\"141\" srcset=\"https:\/\/www.mohr-koehler.de\/wp-content\/uploads\/Reparatur-Drucksystem-und-Spalteinstellung-250x141.jpg 250w, https:\/\/www.mohr-koehler.de\/wp-content\/uploads\/Reparatur-Drucksystem-und-Spalteinstellung-450x253.jpg 450w, https:\/\/www.mohr-koehler.de\/wp-content\/uploads\/Reparatur-Drucksystem-und-Spalteinstellung-768x432.jpg 768w, https:\/\/www.mohr-koehler.de\/wp-content\/uploads\/Reparatur-Drucksystem-und-Spalteinstellung.jpg 1000w\" sizes=\"auto, (max-width: 250px) 100vw, 250px\" \/><\/a><\/p>\n<hr class=\"eins\" \/>\n<p>R\u00e9paration de paliers \u00e0 collier des concasseurs \u00e0 tige<br \/>\n<a href=\"https:\/\/www.mohr-koehler.de\/wp-content\/uploads\/Reparatur-Halslager-Stabrohrm\u00fchle.jpg\"><img loading=\"lazy\" decoding=\"async\" class=\"aligncenter size-thumbnail wp-image-334\" src=\"https:\/\/www.mohr-koehler.de\/wp-content\/uploads\/Reparatur-Halslager-Stabrohrm\u00fchle-250x188.jpg\" alt=\"R\u00e9paration de paliers \u00e0 collier des concasseurs \u00e0 tige\" width=\"250\" height=\"188\" srcset=\"https:\/\/www.mohr-koehler.de\/wp-content\/uploads\/Reparatur-Halslager-Stabrohrm\u00fchle-250x188.jpg 250w, https:\/\/www.mohr-koehler.de\/wp-content\/uploads\/Reparatur-Halslager-Stabrohrm\u00fchle-450x338.jpg 450w, https:\/\/www.mohr-koehler.de\/wp-content\/uploads\/Reparatur-Halslager-Stabrohrm\u00fchle-768x576.jpg 768w, https:\/\/www.mohr-koehler.de\/wp-content\/uploads\/Reparatur-Halslager-Stabrohrm\u00fchle.jpg 1000w\" sizes=\"auto, (max-width: 250px) 100vw, 250px\" \/><\/a><\/p>\n<hr class=\"eins\" \/>\n<p>Montage du blindage d&rsquo;un concasseur \u00e0 tige<\/p>\n<div id='gallery-6' class='gallery galleryid-1085 gallery-columns-3 gallery-size-thumbnail'><figure class='gallery-item'>\n\t\t\t<div class='gallery-icon landscape'>\n\t\t\t\t<a href='https:\/\/www.mohr-koehler.de\/wp-content\/uploads\/Montage-Panzerung-01.jpg'><img loading=\"lazy\" decoding=\"async\" width=\"250\" height=\"188\" src=\"https:\/\/www.mohr-koehler.de\/wp-content\/uploads\/Montage-Panzerung-01-250x188.jpg\" class=\"attachment-thumbnail size-thumbnail\" alt=\"\" srcset=\"https:\/\/www.mohr-koehler.de\/wp-content\/uploads\/Montage-Panzerung-01-250x188.jpg 250w, https:\/\/www.mohr-koehler.de\/wp-content\/uploads\/Montage-Panzerung-01-450x338.jpg 450w, https:\/\/www.mohr-koehler.de\/wp-content\/uploads\/Montage-Panzerung-01-768x576.jpg 768w, https:\/\/www.mohr-koehler.de\/wp-content\/uploads\/Montage-Panzerung-01.jpg 1000w\" sizes=\"auto, (max-width: 250px) 100vw, 250px\" \/><\/a>\n\t\t\t<\/div><\/figure><figure class='gallery-item'>\n\t\t\t<div class='gallery-icon landscape'>\n\t\t\t\t<a href='https:\/\/www.mohr-koehler.de\/wp-content\/uploads\/Montage-Panzerung-04.jpg'><img loading=\"lazy\" decoding=\"async\" width=\"250\" height=\"188\" src=\"https:\/\/www.mohr-koehler.de\/wp-content\/uploads\/Montage-Panzerung-04-250x188.jpg\" class=\"attachment-thumbnail size-thumbnail\" alt=\"\" srcset=\"https:\/\/www.mohr-koehler.de\/wp-content\/uploads\/Montage-Panzerung-04-250x188.jpg 250w, https:\/\/www.mohr-koehler.de\/wp-content\/uploads\/Montage-Panzerung-04-450x338.jpg 450w, https:\/\/www.mohr-koehler.de\/wp-content\/uploads\/Montage-Panzerung-04-768x576.jpg 768w, https:\/\/www.mohr-koehler.de\/wp-content\/uploads\/Montage-Panzerung-04.jpg 1000w\" sizes=\"auto, (max-width: 250px) 100vw, 250px\" \/><\/a>\n\t\t\t<\/div><\/figure>\n\t\t<\/div>\n\n","protected":false},"excerpt":{"rendered":"<p>Optimisation de votre concasseur Syst\u00e8mes sous pression sans maintenance R\u00e9vision partielle ou g\u00e9n\u00e9rale R\u00e9paration de bielles oscillantes Fabrication de corps neufs de concasseurs \u00e0 c\u00f4nes Montage d&rsquo;outils de concassage Pose de paliers neufs concasseurs giratoires Symons R\u00e9paration syst\u00e8me sous pression et r\u00e9glage de l&rsquo;\u00e9cartement R\u00e9paration de paliers \u00e0 collier des concasseurs \u00e0 tige Montage du&#8230;<\/p>\n","protected":false},"author":1,"featured_media":0,"parent":0,"menu_order":30,"comment_status":"closed","ping_status":"closed","template":"","meta":{"_kad_post_transparent":"","_kad_post_title":"","_kad_post_layout":"","_kad_post_sidebar_id":"","_kad_post_content_style":"","_kad_post_vertical_padding":"","_kad_post_feature":"","_kad_post_feature_position":"","_kad_post_header":false,"_kad_post_footer":false,"_kad_post_classname":"","footnotes":""},"class_list":["post-1085","page","type-page","status-publish","hentry"],"_links":{"self":[{"href":"https:\/\/www.mohr-koehler.de\/fr\/wp-json\/wp\/v2\/pages\/1085","targetHints":{"allow":["GET"]}}],"collection":[{"href":"https:\/\/www.mohr-koehler.de\/fr\/wp-json\/wp\/v2\/pages"}],"about":[{"href":"https:\/\/www.mohr-koehler.de\/fr\/wp-json\/wp\/v2\/types\/page"}],"author":[{"embeddable":true,"href":"https:\/\/www.mohr-koehler.de\/fr\/wp-json\/wp\/v2\/users\/1"}],"replies":[{"embeddable":true,"href":"https:\/\/www.mohr-koehler.de\/fr\/wp-json\/wp\/v2\/comments?post=1085"}],"version-history":[{"count":0,"href":"https:\/\/www.mohr-koehler.de\/fr\/wp-json\/wp\/v2\/pages\/1085\/revisions"}],"wp:attachment":[{"href":"https:\/\/www.mohr-koehler.de\/fr\/wp-json\/wp\/v2\/media?parent=1085"}],"curies":[{"name":"wp","href":"https:\/\/api.w.org\/{rel}","templated":true}]}}