{"id":1126,"date":"2016-08-04T10:54:44","date_gmt":"2016-08-04T08:54:44","guid":{"rendered":"https:\/\/www.mohr-koehler.de\/mentions-legales\/"},"modified":"2024-06-13T17:50:27","modified_gmt":"2024-06-13T15:50:27","slug":"mentions-legales","status":"publish","type":"page","link":"https:\/\/www.mohr-koehler.de\/fr\/mentions-legales\/","title":{"rendered":"Mentions l\u00e9gales"},"content":{"rendered":"<p><b>Indications conformes au \u00a7 5 de la loi allemande relative aux t\u00e9l\u00e9m\u00e9dias (Telemediengesetz, TMG).<\/b><\/p>\n<p>Mohr + K\u00f6hler GmbH<br \/>\nHeinrich-Hertz-Str. 102<br \/>\n34123 Kassel<\/p>\n<h3>Repr\u00e9sent\u00e9e par:<\/h3>\n<p>G\u00e9rant Ralph Roth<\/p>\n<h3>Contact:<\/h3>\n<p>T\u00e9l\u00e9phone: +49-561-969696-0<br \/>\nT\u00e9l\u00e9fax: +49-561-969696-11<br \/>\nEmail: verwaltung@mohr-koehler.de<\/p>\n<h3>Soci\u00e9t\u00e9 enregistr\u00e9e:<\/h3>\n<p>Au registre commercial.<br \/>\nTribunal charg\u00e9 de la tenue du registre: Amtsgericht Kassel<br \/>\nN\u00b0 d&rsquo;enregistrement: HRB 7556<\/p>\n<h3>N\u00b0 d&rsquo;identification de TVA intracommunautaire:<\/h3>\n<p>N\u00b0 d&rsquo;identification de TVA intracommunautaire conforme \u00a727 a de la loi allemande sur la TVA:<br \/>\nDE813211145<\/p>\n<h3>Remarque sur l&rsquo;arbitrage europ\u00e9en<\/h3>\n<p>La Commission Europ\u00e9enne propose une plateforme de r\u00e8glement en ligne des litiges: <a href=\"http:\/\/ec.europa.eu\/consumers\/odr\">http:\/\/ec.europa.eu\/consumers\/odr<\/a><br \/>\nNotre adresse email est indiqu\u00e9e en haut des mentions l\u00e9gales.<\/p>\n<h3>Cr\u00e9dit photo<\/h3>\n<p>Diaporama d&rsquo;images de la page d&rsquo;accueil <a href=\"http:\/\/www.canstockphoto.de\">(c) Can Stock Photo \/ stocksnapper<\/a><\/p>\n<p><small>Quelle: <em><a href=\"https:\/\/www.e-recht24.de\">eRecht24<\/a><\/em><\/small><\/p>\n<hr class=\"zwo\" \/>\n<h3>Avertissement (Disclaimer)<\/h3>\n<p><strong>La responsabilit\u00e9 pour le contenu<\/strong><\/p>\n<p>En tant que fournisseur de services, nous sommes responsables selon \u00a7 7 1 TMG pour leurs propres contenus sur ces pages en vertu de la loi g\u00e9n\u00e9rale. Selon \u00a7\u00a7 8 \u00e0 10 TMG, nous ne sommes pas tenus en tant que fournisseur de services de surveiller les informations transmises ou stock\u00e9es, ou pour enqu\u00eater sur les circonstances qui indiquent une activit\u00e9 ill\u00e9gale. Obligations de supprimer ou de bloquer l&rsquo;utilisation des informations en vertu des lois g\u00e9n\u00e9rales ne sont pas affect\u00e9es. Toutefois, une responsabilit\u00e9 pertinente est uniquement possible de la date de la connaissance d&rsquo;une infraction sp\u00e9cifique. D\u00e8s la notification de ces violations, nous allons supprimer le contenu imm\u00e9diatement.<\/p>\n<p><strong>Responsabilit\u00e9 pour les liens<\/strong><\/p>\n<p>Notre site contient des liens vers des sites externes sur lesquels nous ne contr\u00f4lons pas. Par cons\u00e9quent, nous ne pouvons accepter aucune responsabilit\u00e9 quant \u00e0 leur contenu. Le fournisseur ou l&rsquo;exploitant des sites est toujours responsable du contenu des pages li\u00e9es. Les sites li\u00e9s ont \u00e9t\u00e9 contr\u00f4l\u00e9s au moment de la liaison pour les violations juridiques possibles. Les contenus ill\u00e9gaux ne sont pas apparents au moment de la liaison. Un contr\u00f4le permanent des pages li\u00e9es est d\u00e9raisonnable sans indices concrets d&rsquo;une violation. D\u00e8s la notification de violations, nous allons imm\u00e9diatement supprimer ces liens.<\/p>\n<p><strong>Droit d&rsquo;auteur<\/strong><\/p>\n<p>Le contenu et les travaux sur ces pages cr\u00e9\u00e9es par les exploitants du site sont soumises au droit d&rsquo;auteur allemand. La reproduction, la modification, la distribution ou toute forme d&rsquo;exploitation en dehors des limites du droit d&rsquo;auteur exigent le consentement \u00e9crit de l&rsquo;auteur ou cr\u00e9ateur. Les t\u00e9l\u00e9chargements et copies ne sont autoris\u00e9es que pour un usage priv\u00e9, non commercial. En ce qui concerne le contenu n&rsquo;est pas cr\u00e9\u00e9 par l&rsquo;exploitant du site, les droits d&rsquo;auteur de tiers. En particulier le contenu de tiers sont marqu\u00e9s comme tels. Vous devriez toujours \u00eatre au courant de la violation du droit d&rsquo;auteur, nous vous demandons un indice. D\u00e8s la notification de violations, nous allons supprimer le contenu imm\u00e9diatement.<\/p>\n","protected":false},"excerpt":{"rendered":"<p>Indications conformes au \u00a7 5 de la loi allemande relative aux t\u00e9l\u00e9m\u00e9dias (Telemediengesetz, TMG). Mohr + K\u00f6hler GmbH Heinrich-Hertz-Str. 102 34123 Kassel Repr\u00e9sent\u00e9e par: G\u00e9rant Ralph Roth Contact: T\u00e9l\u00e9phone: +49-561-969696-0 T\u00e9l\u00e9fax: +49-561-969696-11 Email: verwaltung@mohr-koehler.de Soci\u00e9t\u00e9 enregistr\u00e9e: Au registre commercial. Tribunal charg\u00e9 de la tenue du registre: Amtsgericht Kassel N\u00b0 d&rsquo;enregistrement: HRB 7556 N\u00b0 d&rsquo;identification de&#8230;<\/p>\n","protected":false},"author":1,"featured_media":0,"parent":0,"menu_order":999,"comment_status":"closed","ping_status":"closed","template":"","meta":{"_kad_post_transparent":"","_kad_post_title":"","_kad_post_layout":"","_kad_post_sidebar_id":"","_kad_post_content_style":"","_kad_post_vertical_padding":"","_kad_post_feature":"","_kad_post_feature_position":"","_kad_post_header":false,"_kad_post_footer":false,"_kad_post_classname":"","footnotes":""},"class_list":["post-1126","page","type-page","status-publish","hentry"],"_links":{"self":[{"href":"https:\/\/www.mohr-koehler.de\/fr\/wp-json\/wp\/v2\/pages\/1126","targetHints":{"allow":["GET"]}}],"collection":[{"href":"https:\/\/www.mohr-koehler.de\/fr\/wp-json\/wp\/v2\/pages"}],"about":[{"href":"https:\/\/www.mohr-koehler.de\/fr\/wp-json\/wp\/v2\/types\/page"}],"author":[{"embeddable":true,"href":"https:\/\/www.mohr-koehler.de\/fr\/wp-json\/wp\/v2\/users\/1"}],"replies":[{"embeddable":true,"href":"https:\/\/www.mohr-koehler.de\/fr\/wp-json\/wp\/v2\/comments?post=1126"}],"version-history":[{"count":1,"href":"https:\/\/www.mohr-koehler.de\/fr\/wp-json\/wp\/v2\/pages\/1126\/revisions"}],"predecessor-version":[{"id":1295,"href":"https:\/\/www.mohr-koehler.de\/fr\/wp-json\/wp\/v2\/pages\/1126\/revisions\/1295"}],"wp:attachment":[{"href":"https:\/\/www.mohr-koehler.de\/fr\/wp-json\/wp\/v2\/media?parent=1126"}],"curies":[{"name":"wp","href":"https:\/\/api.w.org\/{rel}","templated":true}]}}