{"id":1224,"date":"2016-09-13T09:30:32","date_gmt":"2016-09-13T07:30:32","guid":{"rendered":"https:\/\/www.mohr-koehler.de\/pneumatique-hydraulique\/"},"modified":"2016-09-13T09:30:32","modified_gmt":"2016-09-13T07:30:32","slug":"pneumatique-hydraulique","status":"publish","type":"page","link":"https:\/\/www.mohr-koehler.de\/fr\/produits\/pneumatique-hydraulique\/","title":{"rendered":"Pneumatique\/Hydraulique"},"content":{"rendered":"<p>La division Pneumatique\/Hydraulique propose la fabrication et la distribution de cylindres et d&rsquo;accessoires pneumatiques et hydrauliques.<br \/>\nSolutions d&rsquo;automatisation avec une technologie pneumatique, hydraulique et \u00e9lectrique.<br \/>\nUne expertise pour le dimensionnement des installations \u00e0 compresseur et les tuyauteries.<\/p>\n<p>Notre exp\u00e9rience dans le secteur automobile nous permet d&rsquo;offrir \u00e0 nos clients une prise en charge globale et efficace.<br \/>\nN&rsquo;h\u00e9sitez pas \u00e0 solliciter notre aide pour la planification et la r\u00e9alisation de votre projet.<\/p>\n<p>Dans le domaine Pneumatique\/Hydraulique, notre activit\u00e9 se concentre tout particuli\u00e8rement sur la fabrication de cylindres en fonction des besoins sp\u00e9cifiques de nos clients et sur la r\u00e9paration de cylindres.<\/p>\n<p>&nbsp;<\/p>\n<div id='gallery-1' class='gallery galleryid-1224 gallery-columns-3 gallery-size-thumbnail'><figure class='gallery-item'>\n\t\t\t<div class='gallery-icon landscape'>\n\t\t\t\t<a href='https:\/\/www.mohr-koehler.de\/wp-content\/uploads\/Hydraulikzylinder.jpg'><img loading=\"lazy\" decoding=\"async\" width=\"250\" height=\"49\" src=\"https:\/\/www.mohr-koehler.de\/wp-content\/uploads\/Hydraulikzylinder-250x49.jpg\" class=\"attachment-thumbnail size-thumbnail\" alt=\"\" srcset=\"https:\/\/www.mohr-koehler.de\/wp-content\/uploads\/Hydraulikzylinder-250x49.jpg 250w, https:\/\/www.mohr-koehler.de\/wp-content\/uploads\/Hydraulikzylinder-450x89.jpg 450w, https:\/\/www.mohr-koehler.de\/wp-content\/uploads\/Hydraulikzylinder-768x151.jpg 768w, https:\/\/www.mohr-koehler.de\/wp-content\/uploads\/Hydraulikzylinder.jpg 1000w\" sizes=\"auto, (max-width: 250px) 100vw, 250px\" \/><\/a>\n\t\t\t<\/div><\/figure><figure class='gallery-item'>\n\t\t\t<div class='gallery-icon landscape'>\n\t\t\t\t<a href='https:\/\/www.mohr-koehler.de\/wp-content\/uploads\/Hydraulikzylinder02.jpg'><img loading=\"lazy\" decoding=\"async\" width=\"250\" height=\"190\" src=\"https:\/\/www.mohr-koehler.de\/wp-content\/uploads\/Hydraulikzylinder02-250x190.jpg\" class=\"attachment-thumbnail size-thumbnail\" alt=\"\" srcset=\"https:\/\/www.mohr-koehler.de\/wp-content\/uploads\/Hydraulikzylinder02-250x190.jpg 250w, https:\/\/www.mohr-koehler.de\/wp-content\/uploads\/Hydraulikzylinder02-450x341.jpg 450w, https:\/\/www.mohr-koehler.de\/wp-content\/uploads\/Hydraulikzylinder02-768x582.jpg 768w, https:\/\/www.mohr-koehler.de\/wp-content\/uploads\/Hydraulikzylinder02.jpg 1000w\" sizes=\"auto, (max-width: 250px) 100vw, 250px\" \/><\/a>\n\t\t\t<\/div><\/figure><figure class='gallery-item'>\n\t\t\t<div class='gallery-icon landscape'>\n\t\t\t\t<a href='https:\/\/www.mohr-koehler.de\/wp-content\/uploads\/Hydraulikzylinder2.jpg'><img loading=\"lazy\" decoding=\"async\" width=\"250\" height=\"141\" src=\"https:\/\/www.mohr-koehler.de\/wp-content\/uploads\/Hydraulikzylinder2-250x141.jpg\" class=\"attachment-thumbnail size-thumbnail\" alt=\"\" srcset=\"https:\/\/www.mohr-koehler.de\/wp-content\/uploads\/Hydraulikzylinder2-250x141.jpg 250w, https:\/\/www.mohr-koehler.de\/wp-content\/uploads\/Hydraulikzylinder2-450x253.jpg 450w, https:\/\/www.mohr-koehler.de\/wp-content\/uploads\/Hydraulikzylinder2-768x432.jpg 768w, https:\/\/www.mohr-koehler.de\/wp-content\/uploads\/Hydraulikzylinder2.jpg 1000w\" sizes=\"auto, (max-width: 250px) 100vw, 250px\" \/><\/a>\n\t\t\t<\/div><\/figure><figure class='gallery-item'>\n\t\t\t<div class='gallery-icon landscape'>\n\t\t\t\t<a href='https:\/\/www.mohr-koehler.de\/wp-content\/uploads\/Hydraulikzylinder3.jpg'><img loading=\"lazy\" decoding=\"async\" width=\"250\" height=\"167\" src=\"https:\/\/www.mohr-koehler.de\/wp-content\/uploads\/Hydraulikzylinder3-250x167.jpg\" class=\"attachment-thumbnail size-thumbnail\" alt=\"\" srcset=\"https:\/\/www.mohr-koehler.de\/wp-content\/uploads\/Hydraulikzylinder3-250x167.jpg 250w, https:\/\/www.mohr-koehler.de\/wp-content\/uploads\/Hydraulikzylinder3-450x300.jpg 450w, https:\/\/www.mohr-koehler.de\/wp-content\/uploads\/Hydraulikzylinder3-768x512.jpg 768w, https:\/\/www.mohr-koehler.de\/wp-content\/uploads\/Hydraulikzylinder3.jpg 800w\" sizes=\"auto, (max-width: 250px) 100vw, 250px\" \/><\/a>\n\t\t\t<\/div><\/figure><figure class='gallery-item'>\n\t\t\t<div class='gallery-icon landscape'>\n\t\t\t\t<a href='https:\/\/www.mohr-koehler.de\/wp-content\/uploads\/Pneumatik-1.jpg'><img loading=\"lazy\" decoding=\"async\" width=\"250\" height=\"213\" src=\"https:\/\/www.mohr-koehler.de\/wp-content\/uploads\/Pneumatik-1-250x213.jpg\" class=\"attachment-thumbnail size-thumbnail\" alt=\"\" srcset=\"https:\/\/www.mohr-koehler.de\/wp-content\/uploads\/Pneumatik-1-250x213.jpg 250w, https:\/\/www.mohr-koehler.de\/wp-content\/uploads\/Pneumatik-1-450x383.jpg 450w, https:\/\/www.mohr-koehler.de\/wp-content\/uploads\/Pneumatik-1-768x654.jpg 768w, https:\/\/www.mohr-koehler.de\/wp-content\/uploads\/Pneumatik-1.jpg 1000w\" sizes=\"auto, (max-width: 250px) 100vw, 250px\" \/><\/a>\n\t\t\t<\/div><\/figure><figure class='gallery-item'>\n\t\t\t<div class='gallery-icon landscape'>\n\t\t\t\t<a href='https:\/\/www.mohr-koehler.de\/wp-content\/uploads\/SchlauchhalterFMBKC_f.jpg'><img loading=\"lazy\" decoding=\"async\" width=\"250\" height=\"166\" src=\"https:\/\/www.mohr-koehler.de\/wp-content\/uploads\/SchlauchhalterFMBKC_f-250x166.jpg\" class=\"attachment-thumbnail size-thumbnail\" alt=\"\" srcset=\"https:\/\/www.mohr-koehler.de\/wp-content\/uploads\/SchlauchhalterFMBKC_f-250x166.jpg 250w, https:\/\/www.mohr-koehler.de\/wp-content\/uploads\/SchlauchhalterFMBKC_f-450x299.jpg 450w, https:\/\/www.mohr-koehler.de\/wp-content\/uploads\/SchlauchhalterFMBKC_f-768x511.jpg 768w, https:\/\/www.mohr-koehler.de\/wp-content\/uploads\/SchlauchhalterFMBKC_f.jpg 1000w\" sizes=\"auto, (max-width: 250px) 100vw, 250px\" \/><\/a>\n\t\t\t<\/div><\/figure><figure class='gallery-item'>\n\t\t\t<div class='gallery-icon landscape'>\n\t\t\t\t<a href='https:\/\/www.mohr-koehler.de\/wp-content\/uploads\/Glasfaserschlauch_f.jpg'><img loading=\"lazy\" decoding=\"async\" width=\"250\" height=\"220\" src=\"https:\/\/www.mohr-koehler.de\/wp-content\/uploads\/Glasfaserschlauch_f-250x220.jpg\" class=\"attachment-thumbnail size-thumbnail\" alt=\"\" srcset=\"https:\/\/www.mohr-koehler.de\/wp-content\/uploads\/Glasfaserschlauch_f-250x220.jpg 250w, https:\/\/www.mohr-koehler.de\/wp-content\/uploads\/Glasfaserschlauch_f-450x395.jpg 450w, https:\/\/www.mohr-koehler.de\/wp-content\/uploads\/Glasfaserschlauch_f-768x674.jpg 768w, https:\/\/www.mohr-koehler.de\/wp-content\/uploads\/Glasfaserschlauch_f.jpg 1000w\" sizes=\"auto, (max-width: 250px) 100vw, 250px\" \/><\/a>\n\t\t\t<\/div><\/figure><figure class='gallery-item'>\n\t\t\t<div class='gallery-icon landscape'>\n\t\t\t\t<a href='https:\/\/www.mohr-koehler.de\/wp-content\/uploads\/Druckluftschlauch_f.jpg'><img loading=\"lazy\" decoding=\"async\" width=\"250\" height=\"214\" src=\"https:\/\/www.mohr-koehler.de\/wp-content\/uploads\/Druckluftschlauch_f-250x214.jpg\" class=\"attachment-thumbnail size-thumbnail\" alt=\"\" srcset=\"https:\/\/www.mohr-koehler.de\/wp-content\/uploads\/Druckluftschlauch_f-250x214.jpg 250w, https:\/\/www.mohr-koehler.de\/wp-content\/uploads\/Druckluftschlauch_f-450x385.jpg 450w, https:\/\/www.mohr-koehler.de\/wp-content\/uploads\/Druckluftschlauch_f-768x657.jpg 768w, https:\/\/www.mohr-koehler.de\/wp-content\/uploads\/Druckluftschlauch_f.jpg 1000w\" sizes=\"auto, (max-width: 250px) 100vw, 250px\" \/><\/a>\n\t\t\t<\/div><\/figure><figure class='gallery-item'>\n\t\t\t<div class='gallery-icon landscape'>\n\t\t\t\t<a href='https:\/\/www.mohr-koehler.de\/wp-content\/uploads\/Zylinder-Schnittbild.jpg'><img loading=\"lazy\" decoding=\"async\" width=\"250\" height=\"196\" src=\"https:\/\/www.mohr-koehler.de\/wp-content\/uploads\/Zylinder-Schnittbild-250x196.jpg\" class=\"attachment-thumbnail size-thumbnail\" alt=\"\" srcset=\"https:\/\/www.mohr-koehler.de\/wp-content\/uploads\/Zylinder-Schnittbild-250x196.jpg 250w, https:\/\/www.mohr-koehler.de\/wp-content\/uploads\/Zylinder-Schnittbild-450x352.jpg 450w, https:\/\/www.mohr-koehler.de\/wp-content\/uploads\/Zylinder-Schnittbild-768x601.jpg 768w, https:\/\/www.mohr-koehler.de\/wp-content\/uploads\/Zylinder-Schnittbild.jpg 1000w\" sizes=\"auto, (max-width: 250px) 100vw, 250px\" \/><\/a>\n\t\t\t<\/div><\/figure><figure class='gallery-item'>\n\t\t\t<div class='gallery-icon landscape'>\n\t\t\t\t<a href='https:\/\/www.mohr-koehler.de\/wp-content\/uploads\/Schalldaempfer.jpg'><img loading=\"lazy\" decoding=\"async\" width=\"250\" height=\"141\" src=\"https:\/\/www.mohr-koehler.de\/wp-content\/uploads\/Schalldaempfer-250x141.jpg\" class=\"attachment-thumbnail size-thumbnail\" alt=\"\" srcset=\"https:\/\/www.mohr-koehler.de\/wp-content\/uploads\/Schalldaempfer-250x141.jpg 250w, https:\/\/www.mohr-koehler.de\/wp-content\/uploads\/Schalldaempfer-450x253.jpg 450w, https:\/\/www.mohr-koehler.de\/wp-content\/uploads\/Schalldaempfer-768x432.jpg 768w, https:\/\/www.mohr-koehler.de\/wp-content\/uploads\/Schalldaempfer.jpg 1000w\" sizes=\"auto, (max-width: 250px) 100vw, 250px\" \/><\/a>\n\t\t\t<\/div><\/figure><figure class='gallery-item'>\n\t\t\t<div class='gallery-icon landscape'>\n\t\t\t\t<a href='https:\/\/www.mohr-koehler.de\/wp-content\/uploads\/2_2WegeVentil.jpg'><img loading=\"lazy\" decoding=\"async\" width=\"250\" height=\"141\" src=\"https:\/\/www.mohr-koehler.de\/wp-content\/uploads\/2_2WegeVentil-250x141.jpg\" class=\"attachment-thumbnail size-thumbnail\" alt=\"\" srcset=\"https:\/\/www.mohr-koehler.de\/wp-content\/uploads\/2_2WegeVentil-250x141.jpg 250w, https:\/\/www.mohr-koehler.de\/wp-content\/uploads\/2_2WegeVentil-450x253.jpg 450w, https:\/\/www.mohr-koehler.de\/wp-content\/uploads\/2_2WegeVentil-768x432.jpg 768w, https:\/\/www.mohr-koehler.de\/wp-content\/uploads\/2_2WegeVentil.jpg 1000w\" sizes=\"auto, (max-width: 250px) 100vw, 250px\" \/><\/a>\n\t\t\t<\/div><\/figure>\n\t\t<\/div>\n\n","protected":false},"excerpt":{"rendered":"<p>La division Pneumatique\/Hydraulique propose la fabrication et la distribution de cylindres et d&rsquo;accessoires pneumatiques et hydrauliques. Solutions d&rsquo;automatisation avec une technologie pneumatique, hydraulique et \u00e9lectrique. Une expertise pour le dimensionnement des installations \u00e0 compresseur et les tuyauteries. Notre exp\u00e9rience dans le secteur automobile nous permet d&rsquo;offrir \u00e0 nos clients une prise en charge globale et&#8230;<\/p>\n","protected":false},"author":1,"featured_media":0,"parent":1082,"menu_order":40,"comment_status":"closed","ping_status":"closed","template":"","meta":{"_kad_post_transparent":"","_kad_post_title":"","_kad_post_layout":"","_kad_post_sidebar_id":"","_kad_post_content_style":"","_kad_post_vertical_padding":"","_kad_post_feature":"","_kad_post_feature_position":"","_kad_post_header":false,"_kad_post_footer":false,"_kad_post_classname":"","footnotes":""},"class_list":["post-1224","page","type-page","status-publish","hentry"],"_links":{"self":[{"href":"https:\/\/www.mohr-koehler.de\/fr\/wp-json\/wp\/v2\/pages\/1224","targetHints":{"allow":["GET"]}}],"collection":[{"href":"https:\/\/www.mohr-koehler.de\/fr\/wp-json\/wp\/v2\/pages"}],"about":[{"href":"https:\/\/www.mohr-koehler.de\/fr\/wp-json\/wp\/v2\/types\/page"}],"author":[{"embeddable":true,"href":"https:\/\/www.mohr-koehler.de\/fr\/wp-json\/wp\/v2\/users\/1"}],"replies":[{"embeddable":true,"href":"https:\/\/www.mohr-koehler.de\/fr\/wp-json\/wp\/v2\/comments?post=1224"}],"version-history":[{"count":0,"href":"https:\/\/www.mohr-koehler.de\/fr\/wp-json\/wp\/v2\/pages\/1224\/revisions"}],"up":[{"embeddable":true,"href":"https:\/\/www.mohr-koehler.de\/fr\/wp-json\/wp\/v2\/pages\/1082"}],"wp:attachment":[{"href":"https:\/\/www.mohr-koehler.de\/fr\/wp-json\/wp\/v2\/media?parent=1224"}],"curies":[{"name":"wp","href":"https:\/\/api.w.org\/{rel}","templated":true}]}}