{"id":1238,"date":"2017-05-22T12:42:11","date_gmt":"2017-05-22T10:42:11","guid":{"rendered":"https:\/\/www.mohr-koehler.de\/histoire\/"},"modified":"2024-06-16T14:43:23","modified_gmt":"2024-06-16T12:43:23","slug":"histoire","status":"publish","type":"page","link":"https:\/\/www.mohr-koehler.de\/fr\/societe\/histoire\/","title":{"rendered":"Histoire"},"content":{"rendered":"<div class=\"center\" style=\"width: 89%;\">\n<figure id=\"attachment_197\" aria-describedby=\"caption-attachment-197\" style=\"width: 246px\" class=\"wp-caption alignleft\"><img loading=\"lazy\" decoding=\"async\" class=\"wp-image-197 size-medium\" title=\"Hermann Becker\" src=\"https:\/\/www.mohr-koehler.de\/wp-content\/uploads\/Hermann_Becker-246x300.jpg\" alt=\"Hermann_Becker\" width=\"246\" height=\"300\" srcset=\"https:\/\/www.mohr-koehler.de\/wp-content\/uploads\/Hermann_Becker-246x300.jpg 246w, https:\/\/www.mohr-koehler.de\/wp-content\/uploads\/Hermann_Becker-768x937.jpg 768w, https:\/\/www.mohr-koehler.de\/wp-content\/uploads\/Hermann_Becker-840x1024.jpg 840w, https:\/\/www.mohr-koehler.de\/wp-content\/uploads\/Hermann_Becker.jpg 1148w\" sizes=\"auto, (max-width: 246px) 100vw, 246px\" \/><figcaption id=\"caption-attachment-197\" class=\"wp-caption-text\">Hermann Becker<\/figcaption><\/figure>\n<figure id=\"attachment_198\" aria-describedby=\"caption-attachment-198\" style=\"width: 248px\" class=\"wp-caption alignleft\"><img loading=\"lazy\" decoding=\"async\" class=\"wp-image-198 size-medium\" title=\"Heinrich K\u00f6hler\" src=\"https:\/\/www.mohr-koehler.de\/wp-content\/uploads\/Heinrich_Koehler-248x300.jpg\" alt=\"Heinrich_Koehler\" width=\"248\" height=\"300\" srcset=\"https:\/\/www.mohr-koehler.de\/wp-content\/uploads\/Heinrich_Koehler-248x300.jpg 248w, https:\/\/www.mohr-koehler.de\/wp-content\/uploads\/Heinrich_Koehler-768x931.jpg 768w, https:\/\/www.mohr-koehler.de\/wp-content\/uploads\/Heinrich_Koehler-845x1024.jpg 845w, https:\/\/www.mohr-koehler.de\/wp-content\/uploads\/Heinrich_Koehler.jpg 1155w\" sizes=\"auto, (max-width: 248px) 100vw, 248px\" \/><figcaption id=\"caption-attachment-198\" class=\"wp-caption-text\">Heinrich K\u00f6hler<\/figcaption><\/figure>\n<figure id=\"attachment_199\" aria-describedby=\"caption-attachment-199\" style=\"width: 248px\" class=\"wp-caption alignleft\"><img loading=\"lazy\" decoding=\"async\" class=\"wp-image-199 size-medium\" title=\"Johann Ferdinand Mohr\" src=\"https:\/\/www.mohr-koehler.de\/wp-content\/uploads\/Ferdinand_Johann_Mohr-248x300.jpg\" alt=\"Johann Ferdinand Mohr\" width=\"248\" height=\"300\" srcset=\"https:\/\/www.mohr-koehler.de\/wp-content\/uploads\/Ferdinand_Johann_Mohr-248x300.jpg 248w, https:\/\/www.mohr-koehler.de\/wp-content\/uploads\/Ferdinand_Johann_Mohr-768x928.jpg 768w, https:\/\/www.mohr-koehler.de\/wp-content\/uploads\/Ferdinand_Johann_Mohr-848x1024.jpg 848w, https:\/\/www.mohr-koehler.de\/wp-content\/uploads\/Ferdinand_Johann_Mohr.jpg 1159w\" sizes=\"auto, (max-width: 248px) 100vw, 248px\" \/><figcaption id=\"caption-attachment-199\" class=\"wp-caption-text\">Johann Ferdinand Mohr<\/figcaption><\/figure>\n<\/div>\n<div class=\"clear\"><\/div>\n<table class=\"timeline\">\n<tbody>\n<tr>\n<td>1908<\/td>\n<td>Cr\u00e9ation de la soci\u00e9t\u00e9 Becker, K\u00f6hler &amp; Co. par Hermann Becker, Heinrich K\u00f6hler et Johann Ferdinand Mohr le 01\/11\/1908.<\/td>\n<\/tr>\n<tr>\n<td>1909<\/td>\n<td>Vente de plus de 400 tonnes d&rsquo;acier au mangan\u00e8se.<\/td>\n<\/tr>\n<tr>\n<td>1920<\/td>\n<td>Johann Ferdinand Mohr quitte la soci\u00e9t\u00e9 Becker K\u00f6hler &amp; Co. et cr\u00e9e le 16\/11\/1920 la soci\u00e9t\u00e9 Ferdinand Mohr GmbH.<\/td>\n<\/tr>\n<tr>\n<td>1940<\/td>\n<td>Ferdinand Mohr GmbH ouvre une succursale \u00e0 Munich.<\/td>\n<\/tr>\n<tr>\n<td>1945<\/td>\n<td>Le bureau de Ferdinand Mohr GmbH \u00e0 Kassel est touch\u00e9 par les bombardements de la seconde guerre mondiale. Le si\u00e8ge de la soci\u00e9t\u00e9 est alors transf\u00e9r\u00e9 dans les environs de Hofgeismar.<\/td>\n<\/tr>\n<tr>\n<td>1948<\/td>\n<td>Dr. Ruth K\u00f6hler (fille de Heinrich K\u00f6hler) entre dans la soci\u00e9t\u00e9 Becker, K\u00f6hler und Co.<\/td>\n<\/tr>\n<tr>\n<td>1954<\/td>\n<td>Johann Ferdinand Mohr d\u00e9c\u00e8de et son fils Ferdinand Mohr prend alors la direction de Ferdinand Mohr GmbH.<\/td>\n<\/tr>\n<tr>\n<td>1957<\/td>\n<td>Hermann Becker et Heinrich K\u00f6hler quittent la soci\u00e9t\u00e9, Dr. Ruth K\u00f6hler prend la direction de Becker, K\u00f6hler &amp; Co.<br \/>\nLe si\u00e8ge de Ferdinand Mohr GmbH est transf\u00e9r\u00e9 \u00e0 Kassel-Harleshausen.<\/td>\n<\/tr>\n<tr>\n<td>1962<\/td>\n<td>Une filiale de Ferdinand Mohr GmbH est cr\u00e9\u00e9e en Autriche.<\/td>\n<\/tr>\n<tr>\n<td>1968<\/td>\n<td>Cr\u00e9ation de la soci\u00e9t\u00e9 K\u00f6hler &amp; Co. par Dr. Ruth K\u00f6hler et Dietrich G\u00f6rg (ing\u00e9nieur dipl\u00f4m\u00e9)<br \/>\nle 01\/01\/1968.<br \/>\nAvec Dietrich G\u00f6rg, une nouvelle division vient compl\u00e9ter la soci\u00e9t\u00e9\u00a0: technique d&rsquo;air comprim\u00e9.<\/td>\n<\/tr>\n<tr>\n<td>1980<\/td>\n<td>Klaus Drescher (ing\u00e9nieur dipl\u00f4m\u00e9) entre \u00e0 la direction de la soci\u00e9t\u00e9 Ferdinand Mohr GmbH, qu&rsquo;il dirige avec son beau-p\u00e8re Ferdinand Mohr.<\/td>\n<\/tr>\n<tr>\n<td>1985<\/td>\n<td>Ferdinand Mohr d\u00e9c\u00e8de.<\/td>\n<\/tr>\n<tr>\n<td>1990<\/td>\n<td>Dr. Ruth K\u00f6hler quitte la soci\u00e9t\u00e9 Becker K\u00f6hler &amp; Co.<\/td>\n<\/tr>\n<tr>\n<td>1993<\/td>\n<td>Transfert de la soci\u00e9t\u00e9 K\u00f6hler &amp; Co. sur le site de la zone industrielle de Kassel-Waldau.<\/td>\n<\/tr>\n<tr>\n<td>2001<\/td>\n<td>Pour renforcer leur pr\u00e9sence sur le march\u00e9, les anciens concurrents Klaus Drescher et Dietrich G\u00f6rg cr\u00e9ent le 24\/07\/2001 une nouvelle soci\u00e9t\u00e9 commune Mohr + K\u00f6hler GmbH. Site de Kassel-Harleshausen (distribution) et site de Kassel-Waldau (atelier et entrep\u00f4t).<\/td>\n<\/tr>\n<tr>\n<td>2013<\/td>\n<td>Dietrich G\u00f6rg se retire \u00e0 79 ans de la direction active.<\/td>\n<\/tr>\n<tr>\n<td>2016<\/td>\n<td>Ralph Roth (ing\u00e9nieur dipl\u00f4m\u00e9) ach\u00e8te les parts de Klaus Drescher et Dietrich G\u00f6rg, et prend la direction de Mohr + K\u00f6hler GmbH. La soci\u00e9t\u00e9 est regroup\u00e9e sur le site de Kassel-Waldau.<\/td>\n<\/tr>\n<tr>\n<td>2017<\/td>\n<td>Acquisition de VTA \u00e0 St. Ingbert<\/td>\n<\/tr>\n<\/tbody>\n<\/table>\n<div class=\"center\" style=\"width: 70%;\">\n<figure id=\"attachment_205\" aria-describedby=\"caption-attachment-205\" style=\"width: 300px\" class=\"wp-caption alignleft\"><a href=\"https:\/\/www.mohr-koehler.de\/wp-content\/uploads\/BKC1.jpg\"><img loading=\"lazy\" decoding=\"async\" class=\"wp-image-205 size-medium\" title=\"Becker, K\u00f6hler &amp; Co. ca. 1908-1926\" src=\"https:\/\/www.mohr-koehler.de\/wp-content\/uploads\/BKC1-300x233.jpg\" alt=\"Becker, K\u00f6hler &amp; Co - Tradition de la qualit\u00e9 depuis 1908\" width=\"300\" height=\"233\" srcset=\"https:\/\/www.mohr-koehler.de\/wp-content\/uploads\/BKC1-300x233.jpg 300w, https:\/\/www.mohr-koehler.de\/wp-content\/uploads\/BKC1-768x597.jpg 768w, https:\/\/www.mohr-koehler.de\/wp-content\/uploads\/BKC1-1024x796.jpg 1024w, https:\/\/www.mohr-koehler.de\/wp-content\/uploads\/BKC1.jpg 1200w\" sizes=\"auto, (max-width: 300px) 100vw, 300px\" \/><\/a><figcaption id=\"caption-attachment-205\" class=\"wp-caption-text\">Tradition de la qualit\u00e9 depuis 1908<\/figcaption><\/figure>\n<figure id=\"attachment_205\" aria-describedby=\"caption-attachment-205\" style=\"width: 300px\" class=\"wp-caption alignleft\"><a href=\"https:\/\/www.mohr-koehler.de\/wp-content\/uploads\/BKC2.jpg\"><img loading=\"lazy\" decoding=\"async\" class=\"wp-image-206 size-medium\" title=\"Becker, K\u00f6hler &amp; Co. ca. 1908-1926\" src=\"https:\/\/www.mohr-koehler.de\/wp-content\/uploads\/BKC2-300x229.jpg\" alt=\"Becker, K\u00f6hler &amp; Co - Tradition de la qualit\u00e9 depuis 1908\" width=\"300\" height=\"229\" srcset=\"https:\/\/www.mohr-koehler.de\/wp-content\/uploads\/BKC2-300x229.jpg 300w, https:\/\/www.mohr-koehler.de\/wp-content\/uploads\/BKC2-768x586.jpg 768w, https:\/\/www.mohr-koehler.de\/wp-content\/uploads\/BKC2-1024x782.jpg 1024w, https:\/\/www.mohr-koehler.de\/wp-content\/uploads\/BKC2.jpg 1200w\" sizes=\"auto, (max-width: 300px) 100vw, 300px\" \/><\/a><figcaption id=\"caption-attachment-205\" class=\"wp-caption-text\">Tradition de la qualit\u00e9 depuis 1908<\/figcaption><\/figure>\n<\/div>\n","protected":false},"excerpt":{"rendered":"<p>1908 Cr\u00e9ation de la soci\u00e9t\u00e9 Becker, K\u00f6hler &amp; Co. par Hermann Becker, Heinrich K\u00f6hler et Johann Ferdinand Mohr le 01\/11\/1908. 1909 Vente de plus de 400 tonnes d&rsquo;acier au mangan\u00e8se. 1920 Johann Ferdinand Mohr quitte la soci\u00e9t\u00e9 Becker K\u00f6hler &amp; Co. et cr\u00e9e le 16\/11\/1920 la soci\u00e9t\u00e9 Ferdinand Mohr GmbH. 1940 Ferdinand Mohr GmbH ouvre&#8230;<\/p>\n","protected":false},"author":1,"featured_media":0,"parent":1068,"menu_order":10,"comment_status":"closed","ping_status":"closed","template":"","meta":{"_kad_post_transparent":"","_kad_post_title":"","_kad_post_layout":"","_kad_post_sidebar_id":"","_kad_post_content_style":"","_kad_post_vertical_padding":"","_kad_post_feature":"","_kad_post_feature_position":"","_kad_post_header":false,"_kad_post_footer":false,"_kad_post_classname":"","footnotes":""},"class_list":["post-1238","page","type-page","status-publish","hentry"],"_links":{"self":[{"href":"https:\/\/www.mohr-koehler.de\/fr\/wp-json\/wp\/v2\/pages\/1238","targetHints":{"allow":["GET"]}}],"collection":[{"href":"https:\/\/www.mohr-koehler.de\/fr\/wp-json\/wp\/v2\/pages"}],"about":[{"href":"https:\/\/www.mohr-koehler.de\/fr\/wp-json\/wp\/v2\/types\/page"}],"author":[{"embeddable":true,"href":"https:\/\/www.mohr-koehler.de\/fr\/wp-json\/wp\/v2\/users\/1"}],"replies":[{"embeddable":true,"href":"https:\/\/www.mohr-koehler.de\/fr\/wp-json\/wp\/v2\/comments?post=1238"}],"version-history":[{"count":5,"href":"https:\/\/www.mohr-koehler.de\/fr\/wp-json\/wp\/v2\/pages\/1238\/revisions"}],"predecessor-version":[{"id":1494,"href":"https:\/\/www.mohr-koehler.de\/fr\/wp-json\/wp\/v2\/pages\/1238\/revisions\/1494"}],"up":[{"embeddable":true,"href":"https:\/\/www.mohr-koehler.de\/fr\/wp-json\/wp\/v2\/pages\/1068"}],"wp:attachment":[{"href":"https:\/\/www.mohr-koehler.de\/fr\/wp-json\/wp\/v2\/media?parent=1238"}],"curies":[{"name":"wp","href":"https:\/\/api.w.org\/{rel}","templated":true}]}}